{"id":499,"date":"2022-02-21T12:44:52","date_gmt":"2022-02-21T12:44:52","guid":{"rendered":"https:\/\/colmexarq.com\/index.php\/about\/"},"modified":"2025-01-06T00:15:06","modified_gmt":"2025-01-06T00:15:06","slug":"about","status":"publish","type":"page","link":"https:\/\/colmexarq.com\/index.php\/about\/","title":{"rendered":"About"},"content":{"rendered":"\n<div class=\"wp-block-uagb-container uagb-block-37fe9e23 alignfull uagb-is-root-container\"><div class=\"uagb-container-inner-blocks-wrap\">\n<div class=\"wp-block-uagb-advanced-heading uagb-block-d36b578f\"><h1 class=\"uagb-heading-text\">QUI\u00c9NES SOMOS<\/h1><\/div>\n<\/div><\/div>\n\n\n\n<div class=\"wp-block-uagb-container uagb-block-e4be775b alignfull uagb-is-root-container\"><div class=\"uagb-container-inner-blocks-wrap\">\n<div class=\"wp-block-uagb-container uagb-block-9d28413d\">\n<div class=\"wp-block-uagb-advanced-heading uagb-block-197b3fc4\"><h2 class=\"uagb-heading-text\">Qui\u00e9nes Somos<\/h2><\/div>\n\n\n\n<div class=\"wp-block-uagb-info-box uagb-block-1160787b uagb-infobox__content-wrap  uagb-infobox-icon-above-title uagb-infobox-image-valign-top\"><div class=\"uagb-ifb-content\"><div class=\"uagb-ifb-title-wrap\"><h3 class=\"uagb-ifb-title\">Somos una Firma de Arquitectos Colombo Mexicanos<\/h3><\/div><p class=\"uagb-ifb-desc\">Comprometidos con el dise\u00f1o y la arquitectura. Nuestra labor se centra en ofrecer soluciones ajustadas a los recursos disponibles para cada proyecto, con el objetivo de crear espacios modernos, funcionales y alineados con las actividades para las que fueron dise\u00f1ados. Siempre consideramos las ideas, necesidades y estilo de cada cliente, buscando que cada proyecto refleje su visi\u00f3n. La principal meta de nuestro equipo es exceder las expectativas de nuestros clientes y entregar resultados que superen sus sue\u00f1os.<\/p><div class=\"uagb-ifb-button-wrapper wp-block-button\"><a href=\"https:\/\/colmexarq.com\/index.php\/services\/\" class=\"uagb-infobox-cta-link wp-block-button__link\" target=\"_self\" rel=\"noopener noreferrer\" onclick=\"return true;\" alt=\"\"><span class=\"uagb-inline-editing\">Our Services<\/span><\/a><\/div><\/div><\/div>\n\n\n\n<div class=\"wp-block-uagb-advanced-heading uagb-block-67a35147\"><h2 class=\"uagb-heading-text\">Estructura Organizacional<\/h2><\/div>\n\n\n\n<div class=\"wp-block-uagb-info-box uagb-block-b69b95ca uagb-infobox__content-wrap  uagb-infobox-icon-above-title uagb-infobox-image-valign-top\"><div class=\"uagb-ifb-content\"><div class=\"uagb-ifb-title-wrap\"><h3 class=\"uagb-ifb-title\">Con m\u00e1s de 10 a\u00f1os de trayectoria exitosa en el sector del dise\u00f1o y la construcci\u00f3n, hemos tenido el privilegio de participar en m\u00e1s de 110 proyectos. A lo largo de estos, hemos llevado a cabo el dise\u00f1o y la construcci\u00f3n de:<\/h3><\/div><p class=\"uagb-ifb-desc\"><strong>Dise\u00f1o de interiores, visualizaci\u00f3n 3D y proyectos arquitect\u00f3nicos<\/strong><br>Hemos desarrollado m\u00e1s de 125,000 m\u00b2 en inmuebles corporativos, residenciales, comerciales e industriales.<br><br><strong>Remodelaci\u00f3n, ampliaci\u00f3n y construcci\u00f3n<\/strong><br>Con m\u00e1s de 21,000 m\u00b2 trabajados, hemos transformado espacios corporativos, residenciales, comerciales e industriales.<br><br><strong>Mantenimiento preventivo y correctivo<\/strong><br>Hemos gestionado m\u00e1s de 23,400 m\u00b2, asegurando la funcionalidad y el valor de inmuebles corporativos, residenciales, comerciales e industriales.<br>Nuestro alcance sigue creciendo. Contamos con capacidad para ejecutar proyectos y obras en toda Baja California de la Rep\u00fablica Mexicana y en California Estados Unidos. \u00a1Y seguimos buscando llegar m\u00e1s lejos!<\/p><div class=\"uagb-ifb-button-wrapper wp-block-button\"><a href=\"https:\/\/colmexarq.com\/index.php\/services\/\" class=\"uagb-infobox-cta-link wp-block-button__link\" target=\"_self\" rel=\"noopener noreferrer\" onclick=\"return true;\" alt=\"\"><span class=\"uagb-inline-editing\">NUESTROS SERVICIOS<\/span><\/a><\/div><\/div><\/div>\n<\/div>\n\n\n\n<div class=\"wp-block-uagb-container uagb-block-9a4bad7b\">\n<div class=\"wp-block-uagb-info-box uagb-block-639134ac uagb-infobox__content-wrap  uagb-infobox-icon-left uagb-infobox-left uagb-infobox-image-valign-top\"><div class=\"uagb-ifb-icon-wrap\"><div class=\"uagb-iconbox-icon-wrap uagb-infobox-shape-circle\"><svg xmlns=\"https:\/\/www.w3.org\/2000\/svg\" viewBox=\"0 0 384 512\"><path d=\"M336 0C362.5 0 384 21.49 384 48V464C384 490.5 362.5 512 336 512H240V432C240 405.5 218.5 384 192 384C165.5 384 144 405.5 144 432V512H48C21.49 512 0 490.5 0 464V48C0 21.49 21.49 0 48 0H336zM64 272C64 280.8 71.16 288 80 288H112C120.8 288 128 280.8 128 272V240C128 231.2 120.8 224 112 224H80C71.16 224 64 231.2 64 240V272zM176 224C167.2 224 160 231.2 160 240V272C160 280.8 167.2 288 176 288H208C216.8 288 224 280.8 224 272V240C224 231.2 216.8 224 208 224H176zM256 272C256 280.8 263.2 288 272 288H304C312.8 288 320 280.8 320 272V240C320 231.2 312.8 224 304 224H272C263.2 224 256 231.2 256 240V272zM80 96C71.16 96 64 103.2 64 112V144C64 152.8 71.16 160 80 160H112C120.8 160 128 152.8 128 144V112C128 103.2 120.8 96 112 96H80zM160 144C160 152.8 167.2 160 176 160H208C216.8 160 224 152.8 224 144V112C224 103.2 216.8 96 208 96H176C167.2 96 160 103.2 160 112V144zM272 96C263.2 96 256 103.2 256 112V144C256 152.8 263.2 160 272 160H304C312.8 160 320 152.8 320 144V112C320 103.2 312.8 96 304 96H272z\"><\/path><\/svg><\/div><\/div><div class=\"uagb-ifb-content\"><div class=\"uagb-ifb-title-wrap\"><h3 class=\"uagb-ifb-title\">Misi\u00f3n<\/h3><\/div><p class=\"uagb-ifb-desc\">Somos un equipo de profesionales comprometidos, conformado por arquitectos, ingenieros y dise\u00f1adores altamente capacitados. Nos dedicamos de manera personalizada a cada uno de nuestros proyectos, asegur\u00e1ndonos de cuidar, conservar, mantener y dise\u00f1ar cada espacio tal como lo has imaginado.<\/p><\/div><\/div>\n\n\n\n<div class=\"wp-block-uagb-info-box uagb-block-14f4c019 uagb-infobox__content-wrap  uagb-infobox-icon-left uagb-infobox-left uagb-infobox-image-valign-top\"><div class=\"uagb-ifb-icon-wrap\"><div class=\"uagb-iconbox-icon-wrap uagb-infobox-shape-circle\"><svg xmlns=\"https:\/\/www.w3.org\/2000\/svg\" viewBox=\"0 0 512 512\"><path d=\"M240.1 4.216C249.1-1.405 262-1.405 271.9 4.216L443.6 102.4L447.1 104V104.9L495.9 132.2C508.5 139.4 514.6 154.2 510.9 168.2C507.2 182.2 494.5 192 479.1 192H31.1C17.49 192 4.795 182.2 1.071 168.2C-2.653 154.2 3.524 139.4 16.12 132.2L63.1 104.9V104L68.37 102.4L240.1 4.216zM64 224H128V416H168V224H232V416H280V224H344V416H384V224H448V420.3C448.6 420.6 449.2 420.1 449.8 421.4L497.8 453.4C509.5 461.2 514.7 475.8 510.6 489.3C506.5 502.8 494.1 512 480 512H32C17.9 512 5.46 502.8 1.373 489.3C-2.713 475.8 2.517 461.2 14.25 453.4L62.25 421.4C62.82 420.1 63.41 420.6 64 420.3V224z\"><\/path><\/svg><\/div><\/div><div class=\"uagb-ifb-content\"><div class=\"uagb-ifb-title-wrap\"><h3 class=\"uagb-ifb-title\">Visi\u00f3n<\/h3><\/div><p class=\"uagb-ifb-desc\">Nuestra meta es convertirnos en l\u00edderes en la industria de la construcci\u00f3n, el dise\u00f1o de exteriores e interiores, y el mantenimiento correctivo y preventivo de todo tipo de inmuebles en M\u00e9xico. Buscamos generar rentabilidad e inversi\u00f3n, promoviendo un modelo de negocio en el que todos ganen.<\/p><\/div><\/div>\n\n\n\n<div class=\"wp-block-uagb-info-box uagb-block-c55bf804 uagb-infobox__content-wrap  uagb-infobox-icon-left uagb-infobox-left uagb-infobox-image-valign-top\"><div class=\"uagb-ifb-icon-wrap\"><div class=\"uagb-iconbox-icon-wrap uagb-infobox-shape-circle\"><svg xmlns=\"https:\/\/www.w3.org\/2000\/svg\" viewBox=\"0 0 576 512\"><path d=\"M575.8 255.5C575.8 273.5 560.8 287.6 543.8 287.6H511.8L512.5 447.7C512.6 483.2 483.9 512 448.5 512H128.1C92.75 512 64.09 483.3 64.09 448V287.6H32.05C14.02 287.6 0 273.5 0 255.5C0 246.5 3.004 238.5 10.01 231.5L266.4 8.016C273.4 1.002 281.4 0 288.4 0C295.4 0 303.4 2.004 309.5 7.014L564.8 231.5C572.8 238.5 576.9 246.5 575.8 255.5H575.8zM288 160C252.7 160 224 188.7 224 224C224 259.3 252.7 288 288 288C323.3 288 352 259.3 352 224C352 188.7 323.3 160 288 160zM256 320C211.8 320 176 355.8 176 400C176 408.8 183.2 416 192 416H384C392.8 416 400 408.8 400 400C400 355.8 364.2 320 320 320H256z\"><\/path><\/svg><\/div><\/div><div class=\"uagb-ifb-content\"><div class=\"uagb-ifb-title-wrap\"><h3 class=\"uagb-ifb-title\">Valores<\/h3><\/div><p class=\"uagb-ifb-desc\">En Colmex Arquitectura, consideramos estos valores como los principios fundamentales que gu\u00edan nuestra labor y justifican el prop\u00f3sito del ser humano:   <br><br><strong>&#8211; <\/strong>Integridad<br><strong>&#8211; <\/strong>Compromiso<br><strong>&#8211;<\/strong> Profesional\u00edsmo<br><strong>&#8211; <\/strong>Honestidad<br><strong>&#8211;<\/strong> Excelencia<br><strong>&#8211; <\/strong>Lealtad<br><strong>&#8211;<\/strong> \u00c9tica<\/p><\/div><\/div>\n\n\n\n<div class=\"wp-block-uagb-info-box uagb-block-ae330e38 uagb-infobox__content-wrap  uagb-infobox-icon-left uagb-infobox-left uagb-infobox-image-valign-top\"><div class=\"uagb-ifb-icon-wrap\"><div class=\"uagb-iconbox-icon-wrap uagb-infobox-shape-circle\"><svg xmlns=\"https:\/\/www.w3.org\/2000\/svg\" viewBox=\"0 0 576 512\"><path d=\"M575.8 255.5C575.8 273.5 560.8 287.6 543.8 287.6H511.8L512.5 447.7C512.6 483.2 483.9 512 448.5 512H128.1C92.75 512 64.09 483.3 64.09 448V287.6H32.05C14.02 287.6 0 273.5 0 255.5C0 246.5 3.004 238.5 10.01 231.5L266.4 8.016C273.4 1.002 281.4 0 288.4 0C295.4 0 303.4 2.004 309.5 7.014L564.8 231.5C572.8 238.5 576.9 246.5 575.8 255.5H575.8zM288 160C252.7 160 224 188.7 224 224C224 259.3 252.7 288 288 288C323.3 288 352 259.3 352 224C352 188.7 323.3 160 288 160zM256 320C211.8 320 176 355.8 176 400C176 408.8 183.2 416 192 416H384C392.8 416 400 408.8 400 400C400 355.8 364.2 320 320 320H256z\"><\/path><\/svg><\/div><\/div><div class=\"uagb-ifb-content\"><div class=\"uagb-ifb-title-wrap\"><h3 class=\"uagb-ifb-title\">Filosof\u00eda<\/h3><\/div><p class=\"uagb-ifb-desc\">Nos comprometemos a alcanzar la excelencia en cada proyecto que desarrollamos, priorizando la satisfacci\u00f3n de nuestros clientes y usuarios, y generando un impacto positivo en el entorno donde se lleva a cabo. Promovemos la sostenibilidad en la construcci\u00f3n mediante dise\u00f1os innovadores que respetan el medio ambiente.<br>En <strong>Colmex Arquitectura,<\/strong> reconocemos que las personas son el recurso m\u00e1s valioso de la empresa. Por ello, fomentamos la motivaci\u00f3n de nuestro equipo humano para que adopte nuestra filosof\u00eda, visi\u00f3n y pol\u00edticas, invirtiendo en su formaci\u00f3n continua.<br><br>Nuestros principios fundamentales incluyen:<br><br><strong>&#8211; <\/strong>La participaci\u00f3n activa, la mejora constante y la comunicaci\u00f3n eficaz de nuestras estrategias y objetivos.<br><br><strong>&#8211;<\/strong> La satisfacci\u00f3n del cliente, atendiendo cuidadosamente sus necesidades e ideas.<br><br><strong>&#8211; <\/strong>Una gesti\u00f3n eficiente y organizada que garantice una rentabilidad adecuada y sostenida para asegurar la continuidad de la empresa.<\/p><\/div><\/div>\n<\/div>\n<\/div><\/div>\n\n\n\n<div class=\"wp-block-uagb-container uagb-block-8fe14de4 alignfull uagb-is-root-container\">\n<div class=\"wp-block-uagb-container uagb-block-a9df32cb\">\n<div class=\"wp-block-uagb-advanced-heading uagb-block-f306e4de\"><h4 class=\"uagb-heading-text\">Sustentabilidad<\/h4><\/div>\n\n\n\n<div class=\"wp-block-uagb-info-box uagb-block-95bb51ac uagb-infobox__content-wrap  uagb-infobox-icon-above-title uagb-infobox-image-valign-top\"><div class=\"uagb-ifb-content\"><div class=\"uagb-ifb-title-wrap\"><h2 class=\"uagb-ifb-title\">Comprometidos a mantener a las personas sanas y seguras<\/h2><\/div><div class=\"uagb-ifb-button-wrapper wp-block-button\"><a href=\"https:\/\/colmexarq.com\/index.php\/contact\/\" class=\"uagb-infobox-cta-link wp-block-button__link\" target=\"_self\" rel=\"noopener noreferrer\" onclick=\"return true;\" alt=\"\"><span class=\"uagb-inline-editing\">Cont\u00e1ctenos<\/span><\/a><\/div><\/div><\/div>\n<\/div>\n\n\n\n<div class=\"wp-block-uagb-container uagb-block-290b1d46\">\n<div class=\"wp-block-uagb-advanced-heading uagb-block-33642a4f\"><h3 class=\"uagb-heading-text\">Seguimos las mejores pr\u00e1cticas<\/h3><p class=\"uagb-desc-text\">L<\/p><\/div>\n\n\n\n<div class=\"wp-block-uagb-icon-list uagb-block-2c5def50\"><div class=\"uagb-icon-list__wrap\">\n<div class=\"wp-block-uagb-icon-list-child uagb-block-6cc6b37f\"><span class=\"uagb-icon-list__source-wrap\"><svg xmlns=\"https:\/\/www.w3.org\/2000\/svg\" viewBox=\"0 0 512 512\"><path d=\"M180.2 243.1C185 263.9 162.2 280.2 144.1 268.8L119.8 253.6l-50.9 81.43c-13.33 21.32 2.004 48.98 27.15 48.98h32.02c17.64 0 31.98 14.32 31.98 31.96c0 17.64-14.34 32.05-31.98 32.05H96.15c-75.36 0-121.3-82.84-81.47-146.8L65.51 219.8L41.15 204.5C23.04 193.1 27.66 165.5 48.48 160.7l91.43-21.15C148.5 137.7 157.2 142.9 159.2 151.6L180.2 243.1zM283.1 78.96l41.25 66.14l-24.25 15.08c-18.16 11.31-13.57 38.94 7.278 43.77l91.4 21.15c8.622 1.995 17.23-3.387 19.21-12.01l21.04-91.43c4.789-20.81-17.95-37.05-36.07-25.76l-24.36 15.2L337.4 45.14c-37.58-60.14-125.2-60.18-162.8-.0617L167.2 56.9C157.9 71.75 162.5 91.58 177.3 100.9c14.92 9.359 34.77 4.886 44.11-10.04l7.442-11.89C241.6 58.58 270.9 59.33 283.1 78.96zM497.3 301.3l-16.99-27.26c-9.336-14.98-29.06-19.56-44.04-10.21c-14.94 9.318-19.52 29.15-10.18 44.08l16.99 27.15c13.35 21.32-1.984 49-27.14 49h-95.99l.0234-28.74c0-21.38-25.85-32.09-40.97-16.97l-66.41 66.43c-6.222 6.223-6.222 16.41 .0044 22.63l66.42 66.34c15.12 15.1 40.95 4.386 40.95-16.98l-.0234-28.68h95.86C491.2 448.1 537.2 365.2 497.3 301.3z\"><\/path><\/svg><\/span><span class=\"uagb-icon-list__label\"><strong>Sustentabilidad<\/strong><\/span><\/div>\n\n\n\n<div class=\"wp-block-uagb-icon-list-child uagb-block-b2b23553\"><span class=\"uagb-icon-list__source-wrap\"><svg xmlns=\"https:\/\/www.w3.org\/2000\/svg\" viewBox=\"0 0 512 512\"><path d=\"M256 512C114.6 512 0 397.4 0 256C0 114.6 114.6 0 256 0C397.4 0 512 114.6 512 256C512 397.4 397.4 512 256 512zM232 256C232 264 236 271.5 242.7 275.1L338.7 339.1C349.7 347.3 364.6 344.3 371.1 333.3C379.3 322.3 376.3 307.4 365.3 300L280 243.2V120C280 106.7 269.3 96 255.1 96C242.7 96 231.1 106.7 231.1 120L232 256z\"><\/path><\/svg><\/span><span class=\"uagb-icon-list__label\"><strong>Proyectos a Tiempo<\/strong><\/span><\/div>\n\n\n\n<div class=\"wp-block-uagb-icon-list-child uagb-block-8f410358\"><span class=\"uagb-icon-list__source-wrap\"><svg xmlns=\"https:\/\/www.w3.org\/2000\/svg\" viewBox=\"0 0 576 512\"><path d=\"M528 0h-480C21.5 0 0 21.5 0 48v320C0 394.5 21.5 416 48 416h192L224 464H152C138.8 464 128 474.8 128 488S138.8 512 152 512h272c13.25 0 24-10.75 24-24s-10.75-24-24-24H352L336 416h192c26.5 0 48-21.5 48-48v-320C576 21.5 554.5 0 528 0zM512 288H64V64h448V288z\"><\/path><\/svg><\/span><span class=\"uagb-icon-list__label\"><strong>Tecnologia Moderna AI<\/strong><\/span><\/div>\n\n\n\n<div class=\"wp-block-uagb-icon-list-child uagb-block-f7bd583c\"><span class=\"uagb-icon-list__source-wrap\"><svg xmlns=\"https:\/\/www.w3.org\/2000\/svg\" viewBox=\"0 0 512 512\"><path d=\"M492.7 42.75C517.7 67.74 517.7 108.3 492.7 133.3L436.3 189.7L322.3 75.72L378.7 19.32C403.7-5.678 444.3-5.678 469.3 19.32L492.7 42.75zM44.89 353.2L299.7 98.34L413.7 212.3L158.8 467.1C152.1 473.8 143.8 478.7 134.6 481.4L30.59 511.1C22.21 513.5 13.19 511.1 7.03 504.1C.8669 498.8-1.47 489.8 .9242 481.4L30.65 377.4C33.26 368.2 38.16 359.9 44.89 353.2zM249.4 103.4L103.4 249.4L16 161.9C-2.745 143.2-2.745 112.8 16 94.06L94.06 16C112.8-2.745 143.2-2.745 161.9 16L181.7 35.76C181.4 36.05 181 36.36 180.7 36.69L116.7 100.7C110.4 106.9 110.4 117.1 116.7 123.3C122.9 129.6 133.1 129.6 139.3 123.3L203.3 59.31C203.6 58.99 203.1 58.65 204.2 58.3L249.4 103.4zM453.7 307.8C453.4 308 453 308.4 452.7 308.7L388.7 372.7C382.4 378.9 382.4 389.1 388.7 395.3C394.9 401.6 405.1 401.6 411.3 395.3L475.3 331.3C475.6 330.1 475.1 330.6 476.2 330.3L496 350.1C514.7 368.8 514.7 399.2 496 417.9L417.9 496C399.2 514.7 368.8 514.7 350.1 496L262.6 408.6L408.6 262.6L453.7 307.8z\"><\/path><\/svg><\/span><span class=\"uagb-icon-list__label\"><strong>Ultimos y actualizados Dise\u00f1os<\/strong><\/span><\/div>\n<\/div><\/div>\n<\/div>\n<\/div>\n\n\n\n<div class=\"wp-block-uagb-container uagb-block-203326f0 alignfull uagb-is-root-container\"><div class=\"uagb-container-inner-blocks-wrap\">\n<div class=\"wp-block-uagb-advanced-heading uagb-block-7ed4f5af\"><h3 class=\"uagb-heading-text\">Confianza y valor<\/h3><\/div>\n\n\n\n<div class=\"wp-block-uagb-advanced-heading uagb-block-a13d3af7\"><h2 class=\"uagb-heading-text\">Aglunos de Nuestros clientes<\/h2><\/div>\n\n\n\n<div class=\"wp-block-uagb-container uagb-block-bfde7223\">\n<div class=\"wp-block-uagb-container uagb-block-2246bbf0\">\n<div class=\"wp-block-uagb-image aligncenter uagb-block-b121e039 wp-block-uagb-image--layout-default wp-block-uagb-image--effect-static wp-block-uagb-image--align-center\"><figure class=\"wp-block-uagb-image__figure\"><img decoding=\"async\" srcset=\"https:\/\/colmexarq.com\/wp-content\/uploads\/2025\/01\/amarillo-2.jpg ,https:\/\/colmexarq.com\/wp-content\/uploads\/2025\/01\/amarillo-2.jpg 780w, https:\/\/colmexarq.com\/wp-content\/uploads\/2025\/01\/amarillo-2.jpg 360w\" sizes=\"(max-width: 480px) 150px\" src=\"https:\/\/colmexarq.com\/wp-content\/uploads\/2025\/01\/amarillo-2.jpg\" alt=\"\" class=\"uag-image-1313\" width=\"194\" height=\"52\" title=\"\" loading=\"lazy\"\/><\/figure><\/div>\n<\/div>\n\n\n\n<div class=\"wp-block-uagb-container uagb-block-6678dec1\">\n<div class=\"wp-block-uagb-image aligncenter uagb-block-3c14ee2b wp-block-uagb-image--layout-default wp-block-uagb-image--effect-static wp-block-uagb-image--align-center\"><figure class=\"wp-block-uagb-image__figure\"><img decoding=\"async\" srcset=\"https:\/\/colmexarq.com\/wp-content\/uploads\/2025\/01\/improser-3.jpg ,https:\/\/colmexarq.com\/wp-content\/uploads\/2025\/01\/improser-3.jpg 780w, https:\/\/colmexarq.com\/wp-content\/uploads\/2025\/01\/improser-3.jpg 360w\" sizes=\"(max-width: 480px) 150px\" src=\"https:\/\/colmexarq.com\/wp-content\/uploads\/2025\/01\/improser-3.jpg\" alt=\"\" class=\"uag-image-1314\" width=\"199\" height=\"38\" title=\"\" loading=\"lazy\"\/><\/figure><\/div>\n<\/div>\n\n\n\n<div class=\"wp-block-uagb-container uagb-block-2f10fba8\">\n<div class=\"wp-block-uagb-image aligncenter uagb-block-83258103 wp-block-uagb-image--layout-default wp-block-uagb-image--effect-static wp-block-uagb-image--align-center\"><figure class=\"wp-block-uagb-image__figure\"><img decoding=\"async\" srcset=\"https:\/\/colmexarq.com\/wp-content\/uploads\/2025\/01\/Jeyzlab-2-1024x582.jpg ,https:\/\/colmexarq.com\/wp-content\/uploads\/2025\/01\/Jeyzlab-2.jpg 780w, https:\/\/colmexarq.com\/wp-content\/uploads\/2025\/01\/Jeyzlab-2.jpg 360w\" sizes=\"(max-width: 480px) 150px\" src=\"https:\/\/colmexarq.com\/wp-content\/uploads\/2025\/01\/Jeyzlab-2-1024x582.jpg\" alt=\"\" class=\"uag-image-1315\" width=\"200\" height=\"51\" title=\"\" loading=\"lazy\"\/><\/figure><\/div>\n<\/div>\n\n\n\n<div class=\"wp-block-uagb-container uagb-block-7fb56bd0\">\n<div class=\"wp-block-uagb-image aligncenter uagb-block-83120018 wp-block-uagb-image--layout-default wp-block-uagb-image--effect-static wp-block-uagb-image--align-center\"><figure class=\"wp-block-uagb-image__figure\"><img decoding=\"async\" srcset=\"https:\/\/colmexarq.com\/wp-content\/uploads\/2025\/01\/cafeyte-2.jpg ,https:\/\/colmexarq.com\/wp-content\/uploads\/2025\/01\/cafeyte-2.jpg 780w, https:\/\/colmexarq.com\/wp-content\/uploads\/2025\/01\/cafeyte-2.jpg 360w\" sizes=\"(max-width: 480px) 150px\" src=\"https:\/\/colmexarq.com\/wp-content\/uploads\/2025\/01\/cafeyte-2.jpg\" alt=\"\" class=\"uag-image-1316\" width=\"194\" height=\"56\" title=\"\" loading=\"lazy\"\/><\/figure><\/div>\n<\/div>\n<\/div>\n<\/div><\/div>\n\n\n\n<p><\/p>\n\n\n\n<div class=\"wp-block-buttons is-layout-flex wp-block-buttons-is-layout-flex\">\n<div class=\"wp-block-button has-custom-width wp-block-button__width-100 has-custom-font-size is-style-fill has-medium-font-size\"><a class=\"wp-block-button__link has-text-align-center wp-element-button\" style=\"padding-top:var(--wp--preset--spacing--50);padding-right:0;padding-bottom:var(--wp--preset--spacing--50);padding-left:0\"><strong>En COLMEX Arquitectura Y CONSTRUCCI\u00d3N apostamos por el desarrollo constante de nuestro equipo humano    <\/strong>             <\/a><\/div>\n<\/div>\n\n\n\n<p><\/p>\n\n\n\n<p><\/p>\n\n\n\n<p><\/p>\n","protected":false},"excerpt":{"rendered":"<p>QUI\u00c9NES SOMOS Qui\u00e9nes Somos Estructura Organizacional Sustentabilidad Seguimos las mejores pr\u00e1cticas L Confianza y valor Aglunos de Nuestros clientes<\/p>\n","protected":false},"author":1,"featured_media":0,"parent":0,"menu_order":0,"comment_status":"closed","ping_status":"closed","template":"","meta":{"_uag_custom_page_level_css":"","_monsterinsights_skip_tracking":false,"_monsterinsights_sitenote_active":false,"_monsterinsights_sitenote_note":"","_monsterinsights_sitenote_category":0,"site-sidebar-layout":"no-sidebar","site-content-layout":"plain-container","ast-site-content-layout":"normal-width-container","site-content-style":"unboxed","site-sidebar-style":"unboxed","ast-global-header-display":"","ast-banner-title-visibility":"","ast-main-header-display":"","ast-hfb-above-header-display":"","ast-hfb-below-header-display":"","ast-hfb-mobile-header-display":"","site-post-title":"disabled","ast-breadcrumbs-content":"","ast-featured-img":"disabled","footer-sml-layout":"","theme-transparent-header-meta":"enabled","adv-header-id-meta":"","stick-header-meta":"","header-above-stick-meta":"","header-main-stick-meta":"","header-below-stick-meta":"","astra-migrate-meta-layouts":"set","ast-page-background-enabled":"default","ast-page-background-meta":{"desktop":{"background-color":"var(--ast-global-color-4)","background-image":"","background-repeat":"repeat","background-position":"center center","background-size":"auto","background-attachment":"scroll","background-type":"","background-media":"","overlay-type":"","overlay-color":"","overlay-gradient":""},"tablet":{"background-color":"","background-image":"","background-repeat":"repeat","background-position":"center center","background-size":"auto","background-attachment":"scroll","background-type":"","background-media":"","overlay-type":"","overlay-color":"","overlay-gradient":""},"mobile":{"background-color":"","background-image":"","background-repeat":"repeat","background-position":"center center","background-size":"auto","background-attachment":"scroll","background-type":"","background-media":"","overlay-type":"","overlay-color":"","overlay-gradient":""}},"ast-content-background-meta":{"desktop":{"background-color":"var(--ast-global-color-5)","background-image":"","background-repeat":"repeat","background-position":"center center","background-size":"auto","background-attachment":"scroll","background-type":"","background-media":"","overlay-type":"","overlay-color":"","overlay-gradient":""},"tablet":{"background-color":"var(--ast-global-color-5)","background-image":"","background-repeat":"repeat","background-position":"center center","background-size":"auto","background-attachment":"scroll","background-type":"","background-media":"","overlay-type":"","overlay-color":"","overlay-gradient":""},"mobile":{"background-color":"var(--ast-global-color-5)","background-image":"","background-repeat":"repeat","background-position":"center center","background-size":"auto","background-attachment":"scroll","background-type":"","background-media":"","overlay-type":"","overlay-color":"","overlay-gradient":""}},"footnotes":""},"class_list":["post-499","page","type-page","status-publish","hentry"],"aioseo_notices":[],"uagb_featured_image_src":{"full":false,"thumbnail":false,"medium":false,"medium_large":false,"large":false,"1536x1536":false,"2048x2048":false,"woocommerce_thumbnail":false,"woocommerce_single":false,"woocommerce_gallery_thumbnail":false},"uagb_author_info":{"display_name":"colmexarq.com","author_link":"https:\/\/colmexarq.com\/index.php\/author\/colmexarq-com\/"},"uagb_comment_info":0,"uagb_excerpt":"QUI\u00c9NES SOMOS Qui\u00e9nes Somos Estructura Organizacional Sustentabilidad Seguimos las mejores pr\u00e1cticas L Confianza y valor Aglunos de Nuestros clientes","_links":{"self":[{"href":"https:\/\/colmexarq.com\/index.php\/wp-json\/wp\/v2\/pages\/499"}],"collection":[{"href":"https:\/\/colmexarq.com\/index.php\/wp-json\/wp\/v2\/pages"}],"about":[{"href":"https:\/\/colmexarq.com\/index.php\/wp-json\/wp\/v2\/types\/page"}],"author":[{"embeddable":true,"href":"https:\/\/colmexarq.com\/index.php\/wp-json\/wp\/v2\/users\/1"}],"replies":[{"embeddable":true,"href":"https:\/\/colmexarq.com\/index.php\/wp-json\/wp\/v2\/comments?post=499"}],"version-history":[{"count":13,"href":"https:\/\/colmexarq.com\/index.php\/wp-json\/wp\/v2\/pages\/499\/revisions"}],"predecessor-version":[{"id":1334,"href":"https:\/\/colmexarq.com\/index.php\/wp-json\/wp\/v2\/pages\/499\/revisions\/1334"}],"wp:attachment":[{"href":"https:\/\/colmexarq.com\/index.php\/wp-json\/wp\/v2\/media?parent=499"}],"curies":[{"name":"wp","href":"https:\/\/api.w.org\/{rel}","templated":true}]}}