{"id":497,"date":"2022-02-21T12:44:08","date_gmt":"2022-02-21T12:44:08","guid":{"rendered":"https:\/\/colmexarq.com\/index.php\/services\/"},"modified":"2025-01-05T21:34:27","modified_gmt":"2025-01-05T21:34:27","slug":"services","status":"publish","type":"page","link":"https:\/\/colmexarq.com\/index.php\/services\/","title":{"rendered":"Services"},"content":{"rendered":"\n<div class=\"wp-block-uagb-container uagb-block-cef93154 alignfull uagb-is-root-container\"><div class=\"uagb-container-inner-blocks-wrap\">\n<div class=\"wp-block-uagb-advanced-heading uagb-block-ee43a231\"><h1 class=\"uagb-heading-text\">ServicIOS<\/h1><\/div>\n<\/div><\/div>\n\n\n\n<div class=\"wp-block-uagb-container uagb-block-ca134fa2 alignfull uagb-is-root-container\"><div class=\"uagb-container-inner-blocks-wrap\">\n<div class=\"wp-block-uagb-advanced-heading uagb-block-07e44836\"><h3 class=\"uagb-heading-text\">Nuestros Servicios<\/h3><\/div>\n\n\n\n<div class=\"wp-block-uagb-advanced-heading uagb-block-6af04f91\"><h2 class=\"uagb-heading-text\">Servicios de calidad<\/h2><\/div>\n\n\n\n<div class=\"wp-block-uagb-container uagb-block-5031fb51\">\n<div class=\"wp-block-uagb-container uagb-block-29d7e114\">\n<div class=\"wp-block-uagb-info-box uagb-block-f051ebd8 uagb-infobox__content-wrap  uagb-infobox-icon-above-title uagb-infobox-image-valign-top\"><div class=\"uagb-ifb-content\"><div class=\"uagb-ifb-image-content\"><img decoding=\"async\" src=\"http:\/\/colmexarq.com\/wp-content\/uploads\/2021\/11\/service-1.jpg\" alt=\"\" width=\"380\" height=\"250\" loading=\"lazy\"\/><\/div><div class=\"uagb-ifb-title-wrap\"><h3 class=\"uagb-ifb-title\">Miner\u00eda de tierras<\/h3><\/div><p class=\"uagb-ifb-desc\">En la arquitectura, el movimiento de tierras consiste en modificar la topograf\u00eda del terreno para adaptarlo a las necesidades del proyecto. Entre las t\u00e9cnicas que se utilizan se encuentran: Desmontes, Terraplenes, compactaci\u00f3n, escavaciones.<\/p><div class=\"uagb-ifb-button-wrapper wp-block-button\"><a href=\"#\" target=\"_self\" onclick=\"return false;\" class=\"uagb-infobox-cta-link\" rel=\"noopener noreferrer\" alt=\"\"><span class=\"uagb-inline-editing\">Leer Mas<\/span><svg xmlns=\"https:\/\/www.w3.org\/2000\/svg\" viewBox=\"0 0 512 512\"><path d=\"M504.3 273.6l-112.1 104c-6.992 6.484-17.18 8.218-25.94 4.406c-8.758-3.812-14.42-12.45-14.42-21.1L351.9 288H32C14.33 288 .0002 273.7 .0002 255.1S14.33 224 32 224h319.9l0-72c0-9.547 5.66-18.19 14.42-22c8.754-3.809 18.95-2.075 25.94 4.41l112.1 104C514.6 247.9 514.6 264.1 504.3 273.6z\"><\/path><\/svg><\/a><\/div><\/div><\/div>\n<\/div>\n\n\n\n<div class=\"wp-block-uagb-container uagb-block-393cad4d\">\n<div class=\"wp-block-uagb-info-box uagb-block-e954ed29 uagb-infobox__content-wrap  uagb-infobox-icon-above-title uagb-infobox-image-valign-top\"><div class=\"uagb-ifb-content\"><div class=\"uagb-ifb-image-content\"><img decoding=\"async\" src=\"http:\/\/colmexarq.com\/wp-content\/uploads\/2021\/11\/service-2.jpg\" alt=\"\" width=\"380\" height=\"250\" loading=\"lazy\"\/><\/div><div class=\"uagb-ifb-title-wrap\"><h3 class=\"uagb-ifb-title\">Personal de construcci\u00f3n<\/h3><\/div><p class=\"uagb-ifb-desc\">Nuestro personal de construcci\u00f3n cada uno de ellos tiene funciones y responsabilidades espec\u00edficas para garantizar la calidad, la seguridad y la eficiencia de la obra.<br><\/p><div class=\"uagb-ifb-button-wrapper wp-block-button\"><a href=\"#\" target=\"_self\" onclick=\"return false;\" class=\"uagb-infobox-cta-link\" rel=\"noopener noreferrer\" alt=\"\"><span class=\"uagb-inline-editing\">Leer Mas<\/span><svg xmlns=\"https:\/\/www.w3.org\/2000\/svg\" viewBox=\"0 0 512 512\"><path d=\"M504.3 273.6l-112.1 104c-6.992 6.484-17.18 8.218-25.94 4.406c-8.758-3.812-14.42-12.45-14.42-21.1L351.9 288H32C14.33 288 .0002 273.7 .0002 255.1S14.33 224 32 224h319.9l0-72c0-9.547 5.66-18.19 14.42-22c8.754-3.809 18.95-2.075 25.94 4.41l112.1 104C514.6 247.9 514.6 264.1 504.3 273.6z\"><\/path><\/svg><\/a><\/div><\/div><\/div>\n<\/div>\n\n\n\n<div class=\"wp-block-uagb-container uagb-block-4ebbfa61\">\n<div class=\"wp-block-uagb-info-box uagb-block-65efee6f uagb-infobox__content-wrap  uagb-infobox-icon-above-title uagb-infobox-image-valign-top\"><div class=\"uagb-ifb-content\"><div class=\"uagb-ifb-image-content\"><img decoding=\"async\" src=\"http:\/\/colmexarq.com\/wp-content\/uploads\/2021\/11\/service-3.jpg\" alt=\"\" width=\"380\" height=\"250\" loading=\"lazy\"\/><\/div><div class=\"uagb-ifb-title-wrap\"><h3 class=\"uagb-ifb-title\">Suministro de material<\/h3><\/div><p class=\"uagb-ifb-desc\">Es una actividad fundamental en la ejecuci\u00f3n de una obra, por lo que es importante planificarla cuidadosamente para evitar errores y garantizar el \u00e9xito del proyecto.<br><\/p><div class=\"uagb-ifb-button-wrapper wp-block-button\"><a href=\"#\" target=\"_self\" onclick=\"return false;\" class=\"uagb-infobox-cta-link\" rel=\"noopener noreferrer\" alt=\"\"><span class=\"uagb-inline-editing\">Leer Mas<\/span><svg xmlns=\"https:\/\/www.w3.org\/2000\/svg\" viewBox=\"0 0 512 512\"><path d=\"M504.3 273.6l-112.1 104c-6.992 6.484-17.18 8.218-25.94 4.406c-8.758-3.812-14.42-12.45-14.42-21.1L351.9 288H32C14.33 288 .0002 273.7 .0002 255.1S14.33 224 32 224h319.9l0-72c0-9.547 5.66-18.19 14.42-22c8.754-3.809 18.95-2.075 25.94 4.41l112.1 104C514.6 247.9 514.6 264.1 504.3 273.6z\"><\/path><\/svg><\/a><\/div><\/div><\/div>\n<\/div>\n<\/div>\n\n\n\n<div class=\"wp-block-uagb-container uagb-block-d28cdbc2\">\n<div class=\"wp-block-uagb-container uagb-block-af4c6fda\">\n<div class=\"wp-block-uagb-info-box uagb-block-0174d2fb uagb-infobox__content-wrap  uagb-infobox-icon-above-title uagb-infobox-image-valign-top\"><div class=\"uagb-ifb-content\"><div class=\"uagb-ifb-image-content\"><img decoding=\"async\" src=\"http:\/\/colmexarq.com\/wp-content\/uploads\/2021\/11\/services-4.jpg\" alt=\"\" width=\"380\" height=\"250\" loading=\"lazy\"\/><\/div><div class=\"uagb-ifb-title-wrap\"><h3 class=\"uagb-ifb-title\">Consultor\u00eda<\/h3><\/div><p class=\"uagb-ifb-desc\">Algunos de los servicios que ofrecemos dentro de las consultor\u00edas en arquitectura y construcci\u00f3n son: Asesoramiento y asistencia t\u00e9cnica, An\u00e1lisis de viabilidad, Gesti\u00f3n de proyectos, Elaboraci\u00f3n de expedientes t\u00e9cnicos, Supervisi\u00f3n de obras.<\/p><div class=\"uagb-ifb-button-wrapper wp-block-button\"><a href=\"#\" target=\"_self\" onclick=\"return false;\" class=\"uagb-infobox-cta-link\" rel=\"noopener noreferrer\" alt=\"\"><span class=\"uagb-inline-editing\">Leer Mas<\/span><svg xmlns=\"https:\/\/www.w3.org\/2000\/svg\" viewBox=\"0 0 512 512\"><path d=\"M504.3 273.6l-112.1 104c-6.992 6.484-17.18 8.218-25.94 4.406c-8.758-3.812-14.42-12.45-14.42-21.1L351.9 288H32C14.33 288 .0002 273.7 .0002 255.1S14.33 224 32 224h319.9l0-72c0-9.547 5.66-18.19 14.42-22c8.754-3.809 18.95-2.075 25.94 4.41l112.1 104C514.6 247.9 514.6 264.1 504.3 273.6z\"><\/path><\/svg><\/a><\/div><\/div><\/div>\n<\/div>\n\n\n\n<div class=\"wp-block-uagb-container uagb-block-21b78c2c\">\n<div class=\"wp-block-uagb-info-box uagb-block-6babea65 uagb-infobox__content-wrap  uagb-infobox-icon-above-title uagb-infobox-image-valign-top\"><div class=\"uagb-ifb-content\"><div class=\"uagb-ifb-image-content\"><img decoding=\"async\" src=\"http:\/\/colmexarq.com\/wp-content\/uploads\/2021\/11\/services-6.jpg\" alt=\"\" width=\"380\" height=\"250\" loading=\"lazy\"\/><\/div><div class=\"uagb-ifb-title-wrap\"><h3 class=\"uagb-ifb-title\">Arquitectura<\/h3><\/div><p class=\"uagb-ifb-desc\">Nos encargamos del desarrollo del dise\u00f1o arquitect\u00f3nico en todas sus fases. Nuestro equipo de arquitectos trabaja en sintonia con el cliente para crear un dise\u00f1o \u00fanico y a medida con una atenci\u00f3n personalizada.<\/p><div class=\"uagb-ifb-button-wrapper wp-block-button\"><a href=\"#\" target=\"_self\" onclick=\"return false;\" class=\"uagb-infobox-cta-link\" rel=\"noopener noreferrer\" alt=\"\"><span class=\"uagb-inline-editing\">Leer Mas<\/span><svg xmlns=\"https:\/\/www.w3.org\/2000\/svg\" viewBox=\"0 0 512 512\"><path d=\"M504.3 273.6l-112.1 104c-6.992 6.484-17.18 8.218-25.94 4.406c-8.758-3.812-14.42-12.45-14.42-21.1L351.9 288H32C14.33 288 .0002 273.7 .0002 255.1S14.33 224 32 224h319.9l0-72c0-9.547 5.66-18.19 14.42-22c8.754-3.809 18.95-2.075 25.94 4.41l112.1 104C514.6 247.9 514.6 264.1 504.3 273.6z\"><\/path><\/svg><\/a><\/div><\/div><\/div>\n<\/div>\n\n\n\n<div class=\"wp-block-uagb-container uagb-block-95f6e216\">\n<div class=\"wp-block-uagb-info-box uagb-block-61d96c3b uagb-infobox__content-wrap  uagb-infobox-icon-above-title uagb-infobox-image-valign-top\"><div class=\"uagb-ifb-content\"><div class=\"uagb-ifb-image-content\"><img decoding=\"async\" src=\"http:\/\/colmexarq.com\/wp-content\/uploads\/2021\/11\/services-5.jpg\" alt=\"\" width=\"380\" height=\"250\" loading=\"lazy\"\/><\/div><div class=\"uagb-ifb-title-wrap\"><h3 class=\"uagb-ifb-title\">Servicio de gr\u00faa<\/h3><\/div><p class=\"uagb-ifb-desc\">Nuestro servicios de gr\u00faas para construcci\u00f3n son una parte fundamental de la industria de la construcci\u00f3n, ya que permiten transportar y manipular cargas pesadas y voluminosas de manera precisa y eficiente.<br><\/p><div class=\"uagb-ifb-button-wrapper wp-block-button\"><a href=\"#\" target=\"_self\" onclick=\"return false;\" class=\"uagb-infobox-cta-link\" rel=\"noopener noreferrer\" alt=\"\"><span class=\"uagb-inline-editing\">Leer Mas<\/span><svg xmlns=\"https:\/\/www.w3.org\/2000\/svg\" viewBox=\"0 0 512 512\"><path d=\"M504.3 273.6l-112.1 104c-6.992 6.484-17.18 8.218-25.94 4.406c-8.758-3.812-14.42-12.45-14.42-21.1L351.9 288H32C14.33 288 .0002 273.7 .0002 255.1S14.33 224 32 224h319.9l0-72c0-9.547 5.66-18.19 14.42-22c8.754-3.809 18.95-2.075 25.94 4.41l112.1 104C514.6 247.9 514.6 264.1 504.3 273.6z\"><\/path><\/svg><\/a><\/div><\/div><\/div>\n<\/div>\n<\/div>\n<\/div><\/div>\n\n\n\n<div class=\"wp-block-uagb-container uagb-block-0cd57481 alignfull uagb-is-root-container\"><div class=\"uagb-container-inner-blocks-wrap\">\n<div class=\"wp-block-uagb-advanced-heading uagb-block-d68df0f9\"><h1 class=\"uagb-heading-text\">Confianza y valor<\/h1><\/div>\n\n\n\n<p class=\"has-medium-font-size\">Los valores y principios son fundamentales en la arquitectura ya que gu\u00edan el proceso creativo y las decisiones en todas las etapas de un proyecto. La sostenibilidad, funcionalidad, proporci\u00f3n y simetr\u00eda son ejemplos de valores y principios que deben estar presentes para crear espacios bellos, funcionales y sostenibles que mejoren la calidad de vida. En COLMEX ARQ, como arquitectos somos conscientes de esto y trabajamos de la mejor manera posible y de la mano con el cliente en cada proyecto pensando en las familias, empresas y poblaciones a las que servimos.<\/p>\n\n\n\n<div class=\"wp-block-uagb-advanced-heading uagb-block-51ede8ad\"><h2 class=\"uagb-heading-text\">Nuestros Clientes<\/h2><\/div>\n\n\n\n<div class=\"wp-block-uagb-container uagb-block-a5adc5aa\">\n<div class=\"wp-block-uagb-container uagb-block-a92ee9f1\">\n<div class=\"wp-block-uagb-image aligncenter uagb-block-8330871b wp-block-uagb-image--layout-default wp-block-uagb-image--effect-static wp-block-uagb-image--align-center\"><figure class=\"wp-block-uagb-image__figure\"><img decoding=\"async\" srcset=\"https:\/\/colmexarq.com\/wp-content\/uploads\/2025\/01\/amarillo-1.jpg ,https:\/\/colmexarq.com\/wp-content\/uploads\/2025\/01\/amarillo-1.jpg 780w, https:\/\/colmexarq.com\/wp-content\/uploads\/2025\/01\/amarillo-1.jpg 360w\" sizes=\"(max-width: 480px) 150px\" src=\"https:\/\/colmexarq.com\/wp-content\/uploads\/2025\/01\/amarillo-1.jpg\" alt=\"\" class=\"uag-image-1296\" width=\"194\" height=\"52\" title=\"\" loading=\"lazy\"\/><\/figure><\/div>\n<\/div>\n\n\n\n<div class=\"wp-block-uagb-container uagb-block-453abbb1\">\n<div class=\"wp-block-uagb-image aligncenter uagb-block-f9447160 wp-block-uagb-image--layout-default wp-block-uagb-image--effect-static wp-block-uagb-image--align-center\"><figure class=\"wp-block-uagb-image__figure\"><img decoding=\"async\" srcset=\"https:\/\/colmexarq.com\/wp-content\/uploads\/2025\/01\/improser-2.jpg ,https:\/\/colmexarq.com\/wp-content\/uploads\/2025\/01\/improser-2.jpg 780w, https:\/\/colmexarq.com\/wp-content\/uploads\/2025\/01\/improser-2.jpg 360w\" sizes=\"(max-width: 480px) 150px\" src=\"https:\/\/colmexarq.com\/wp-content\/uploads\/2025\/01\/improser-2.jpg\" alt=\"\" class=\"uag-image-1304\" width=\"199\" height=\"38\" title=\"\" loading=\"lazy\"\/><\/figure><\/div>\n<\/div>\n\n\n\n<div class=\"wp-block-uagb-container uagb-block-17cb872b\">\n<div class=\"wp-block-uagb-image aligncenter uagb-block-672ced15 wp-block-uagb-image--layout-default wp-block-uagb-image--effect-static wp-block-uagb-image--align-center\"><figure class=\"wp-block-uagb-image__figure\"><img decoding=\"async\" srcset=\"https:\/\/colmexarq.com\/wp-content\/uploads\/2025\/01\/Jeyzlab-1-1024x582.jpg ,https:\/\/colmexarq.com\/wp-content\/uploads\/2025\/01\/Jeyzlab-1.jpg 780w, https:\/\/colmexarq.com\/wp-content\/uploads\/2025\/01\/Jeyzlab-1.jpg 360w\" sizes=\"(max-width: 480px) 150px\" src=\"https:\/\/colmexarq.com\/wp-content\/uploads\/2025\/01\/Jeyzlab-1-1024x582.jpg\" alt=\"\" class=\"uag-image-1305\" width=\"200\" height=\"51\" title=\"\" loading=\"lazy\"\/><\/figure><\/div>\n<\/div>\n\n\n\n<div class=\"wp-block-uagb-container uagb-block-5aac4dbb\">\n<div class=\"wp-block-uagb-image aligncenter uagb-block-e193a7a1 wp-block-uagb-image--layout-default wp-block-uagb-image--effect-static wp-block-uagb-image--align-center\"><figure class=\"wp-block-uagb-image__figure\"><img decoding=\"async\" srcset=\"https:\/\/colmexarq.com\/wp-content\/uploads\/2025\/01\/cafeyte-1.jpg ,https:\/\/colmexarq.com\/wp-content\/uploads\/2025\/01\/cafeyte-1.jpg 780w, https:\/\/colmexarq.com\/wp-content\/uploads\/2025\/01\/cafeyte-1.jpg 360w\" sizes=\"(max-width: 480px) 150px\" src=\"https:\/\/colmexarq.com\/wp-content\/uploads\/2025\/01\/cafeyte-1.jpg\" alt=\"\" class=\"uag-image-1306\" width=\"194\" height=\"56\" title=\"\" loading=\"lazy\"\/><\/figure><\/div>\n<\/div>\n<\/div>\n<\/div><\/div>\n\n\n\n<p><\/p>\n\n\n\n<p><\/p>\n","protected":false},"excerpt":{"rendered":"<p>ServicIOS Nuestros Servicios Servicios de calidad Confianza y valor Los valores y principios son fundamentales en la arquitectura ya que gu\u00edan el proceso creativo y las decisiones en todas las etapas de un proyecto. La sostenibilidad, funcionalidad, proporci\u00f3n y simetr\u00eda son ejemplos de valores y principios que deben estar presentes para crear espacios bellos, funcionales &hellip;<\/p>\n<p class=\"read-more\"> <a class=\"\" href=\"https:\/\/colmexarq.com\/index.php\/services\/\"> <span class=\"screen-reader-text\">Services<\/span> Read More &raquo;<\/a><\/p>\n","protected":false},"author":1,"featured_media":0,"parent":0,"menu_order":0,"comment_status":"closed","ping_status":"closed","template":"","meta":{"_uag_custom_page_level_css":"","_monsterinsights_skip_tracking":false,"_monsterinsights_sitenote_active":false,"_monsterinsights_sitenote_note":"","_monsterinsights_sitenote_category":0,"site-sidebar-layout":"no-sidebar","site-content-layout":"plain-container","ast-site-content-layout":"normal-width-container","site-content-style":"unboxed","site-sidebar-style":"unboxed","ast-global-header-display":"","ast-banner-title-visibility":"","ast-main-header-display":"","ast-hfb-above-header-display":"","ast-hfb-below-header-display":"","ast-hfb-mobile-header-display":"","site-post-title":"disabled","ast-breadcrumbs-content":"","ast-featured-img":"disabled","footer-sml-layout":"","theme-transparent-header-meta":"enabled","adv-header-id-meta":"","stick-header-meta":"","header-above-stick-meta":"","header-main-stick-meta":"","header-below-stick-meta":"","astra-migrate-meta-layouts":"set","ast-page-background-enabled":"default","ast-page-background-meta":{"desktop":{"background-color":"var(--ast-global-color-4)","background-image":"","background-repeat":"repeat","background-position":"center center","background-size":"auto","background-attachment":"scroll","background-type":"","background-media":"","overlay-type":"","overlay-color":"","overlay-gradient":""},"tablet":{"background-color":"","background-image":"","background-repeat":"repeat","background-position":"center center","background-size":"auto","background-attachment":"scroll","background-type":"","background-media":"","overlay-type":"","overlay-color":"","overlay-gradient":""},"mobile":{"background-color":"","background-image":"","background-repeat":"repeat","background-position":"center center","background-size":"auto","background-attachment":"scroll","background-type":"","background-media":"","overlay-type":"","overlay-color":"","overlay-gradient":""}},"ast-content-background-meta":{"desktop":{"background-color":"var(--ast-global-color-5)","background-image":"","background-repeat":"repeat","background-position":"center center","background-size":"auto","background-attachment":"scroll","background-type":"","background-media":"","overlay-type":"","overlay-color":"","overlay-gradient":""},"tablet":{"background-color":"var(--ast-global-color-5)","background-image":"","background-repeat":"repeat","background-position":"center center","background-size":"auto","background-attachment":"scroll","background-type":"","background-media":"","overlay-type":"","overlay-color":"","overlay-gradient":""},"mobile":{"background-color":"var(--ast-global-color-5)","background-image":"","background-repeat":"repeat","background-position":"center center","background-size":"auto","background-attachment":"scroll","background-type":"","background-media":"","overlay-type":"","overlay-color":"","overlay-gradient":""}},"footnotes":""},"class_list":["post-497","page","type-page","status-publish","hentry"],"aioseo_notices":[],"uagb_featured_image_src":{"full":false,"thumbnail":false,"medium":false,"medium_large":false,"large":false,"1536x1536":false,"2048x2048":false,"woocommerce_thumbnail":false,"woocommerce_single":false,"woocommerce_gallery_thumbnail":false},"uagb_author_info":{"display_name":"colmexarq.com","author_link":"https:\/\/colmexarq.com\/index.php\/author\/colmexarq-com\/"},"uagb_comment_info":0,"uagb_excerpt":"ServicIOS Nuestros Servicios Servicios de calidad Confianza y valor Los valores y principios son fundamentales en la arquitectura ya que gu\u00edan el proceso creativo y las decisiones en todas las etapas de un proyecto. La sostenibilidad, funcionalidad, proporci\u00f3n y simetr\u00eda son ejemplos de valores y principios que deben estar presentes para crear espacios bellos, funcionales&hellip;","_links":{"self":[{"href":"https:\/\/colmexarq.com\/index.php\/wp-json\/wp\/v2\/pages\/497"}],"collection":[{"href":"https:\/\/colmexarq.com\/index.php\/wp-json\/wp\/v2\/pages"}],"about":[{"href":"https:\/\/colmexarq.com\/index.php\/wp-json\/wp\/v2\/types\/page"}],"author":[{"embeddable":true,"href":"https:\/\/colmexarq.com\/index.php\/wp-json\/wp\/v2\/users\/1"}],"replies":[{"embeddable":true,"href":"https:\/\/colmexarq.com\/index.php\/wp-json\/wp\/v2\/comments?post=497"}],"version-history":[{"count":3,"href":"https:\/\/colmexarq.com\/index.php\/wp-json\/wp\/v2\/pages\/497\/revisions"}],"predecessor-version":[{"id":1309,"href":"https:\/\/colmexarq.com\/index.php\/wp-json\/wp\/v2\/pages\/497\/revisions\/1309"}],"wp:attachment":[{"href":"https:\/\/colmexarq.com\/index.php\/wp-json\/wp\/v2\/media?parent=497"}],"curies":[{"name":"wp","href":"https:\/\/api.w.org\/{rel}","templated":true}]}}